{"id":147,"date":"2021-01-21T16:49:23","date_gmt":"2021-01-21T15:49:23","guid":{"rendered":"https:\/\/www.atonsecurity.cz\/?page_id=147"},"modified":"2021-02-02T15:16:16","modified_gmt":"2021-02-02T14:16:16","slug":"reference","status":"publish","type":"page","link":"https:\/\/www.atonsecurity.cz\/gb\/reference\/","title":{"rendered":"Reference"},"content":{"rendered":"\n<h2 class=\"has-vivid-cyan-blue-color has-text-color wp-block-heading\"><strong>ROZSAH P\u016eSOBNOSTI ATON SECURITY s.r.o. DLE SEGMENT\u016e TRHU A SLU\u017dEB<\/strong><\/h2>\n\n\n\n<h4 class=\"wp-block-heading\">STAVBY:<\/h4>\n\n\n\n<p>NOWASTAV, AZ SANACE, SWIETELSKI, HABARZETTL, FIRESTA, \u0160NAPKA, STRIX, SANEX&nbsp;<\/p>\n\n\n\n<h4 class=\"wp-block-heading\"><strong>HALY, SKL\u00c1DKY:<\/strong><\/h4>\n\n\n\n<p>CPT, ASA-FCC&nbsp;<\/p>\n\n\n\n<h4 class=\"wp-block-heading\"><strong>MALOOBCHODY<\/strong>:<\/h4>\n\n\n\n<p>OBI, NOTINO, PENNY, LIDL, KAUFLAND, ELEKTROWORD, HYPERNOVA-ALBERT, CaMODA<\/p>\n\n\n\n<h4 class=\"wp-block-heading\"><strong>ST\u00c1TN\u00cd SPR\u00c1VA A SAMOSPR\u00c1VA:<\/strong><\/h4>\n\n\n\n<p>OSTRAHA NA SS\u017dDC-\u010cD &#8211; (STRAKONICE, \u010c.BUD\u011aJOVICE, T\u00c1BOR, P\u00cdSEK, SKOKOLOV, KARLOVY VARY 1, KARLOVY VARY 2, MOST, CHOMUTOV), \u010cESK\u00c9 VODN\u00cd ELEKTR\u00c1RNY<\/p>\n\n\n\n<p>OSTRAHA OBC\u00cd &#8211; BUKOVANY, CITICE, LIBAVSK\u00c9 \u00daDOL\u00cd, OSTRAHA M\u011aSTA HABRTOV <\/p>\n\n\n\n<h4 class=\"wp-block-heading\"><strong>DETEKTIVN\u00cd SLU\u017dBY:<\/strong><\/h4>\n\n\n\n<p> CENTRAL GROUP, H-REKULTIVACE <\/p>\n\n\n\n<h4 class=\"wp-block-heading\"><strong>KULTURA:<\/strong><\/h4>\n\n\n\n<p>KULTURN\u00cd D\u016eM \u0160E\u0158\u00cdKOVA PLZE\u0147, ZIMN\u00cd STADION PLZE\u0147, HABARTOV, BUKOVANY, SOKOLOV, LIBAVSK\u00c9 \u00daDOL\u00cd, CITICE, B\u0158EZOV\u00c1, PLAN\u00c1 U M.L\u00c1ZN\u00cd, CHEB, PLZE\u0147, PRAHA<\/p>\n\n\n\n<p class=\"has-text-align-left\">koncerty a vystoupen\u00ed hudebn\u00edch skupin: Sepultura, Accept, T\u0159i sestry, Priamal fear, Alice cooper, Daniel Landa, Abba, Hallowen, Manowar, Debustrol, Helowen, Lordi,&nbsp; Pl\u00e1nsk\u00fd koup\u00e1k v&nbsp;Plan\u00e9,&nbsp; Michal David, Eva Farn\u00e1, Miroslav \u017dbirka, No Name, Tublatanka, Citron a dal\u0161\u00ed spole\u010densk\u00e9 ud\u00e1losti \u2013 plesy, oslavy obc\u00ed a m\u011bst, z\u00e1bavy<\/p>\n\n\n\n<h4 class=\"wp-block-heading\"><strong>SPORT:<\/strong><\/h4>\n\n\n\n<p>MKD SOKOLOV, HC BAN\u00cdK SOKOLOV, FC BAN\u00cdK SOKOLOV, BAN\u00cdK HABARTOV, BAN\u00cdK BUKOVANY, CITICE<\/p>\n","protected":false},"excerpt":{"rendered":"<p>ROZSAH P\u016eSOBNOSTI ATON SECURITY s.r.o. DLE SEGMENT\u016e TRHU A SLU\u017dEB STAVBY: NOWASTAV, AZ SANACE, SWIETELSKI, HABARZETTL, FIRESTA, \u0160NAPKA, STRIX, SANEX&nbsp; HALY, SKL\u00c1DKY: CPT, ASA-FCC&nbsp; MALOOBCHODY: OBI, NOTINO, PENNY, LIDL, KAUFLAND, ELEKTROWORD, HYPERNOVA-ALBERT, CaMODA ST\u00c1TN\u00cd SPR\u00c1VA A SAMOSPR\u00c1VA: OSTRAHA NA SS\u017dDC-\u010cD &#8211; (STRAKONICE, \u010c.BUD\u011aJOVICE, T\u00c1BOR, P\u00cdSEK, SKOKOLOV, KARLOVY VARY 1, KARLOVY VARY 2, MOST, CHOMUTOV), \u010cESK\u00c9 VODN\u00cd ELEKTR\u00c1RNY OSTRAHA OBC\u00cd &#8211; BUKOVANY, CITICE, LIBAVSK\u00c9 \u00daDOL\u00cd, OSTRAHA M\u011aSTA HABRTOV DETEKTIVN\u00cd SLU\u017dBY: CENTRAL GROUP, H-REKULTIVACE KULTURA: KULTURN\u00cd D\u016eM \u0160E\u0158\u00cdKOVA PLZE\u0147, ZIMN\u00cd STADION PLZE\u0147, [&hellip;]<\/p>\n","protected":false},"author":1,"featured_media":0,"parent":0,"menu_order":0,"comment_status":"closed","ping_status":"closed","template":"","meta":{"footnotes":""},"class_list":["post-147","page","type-page","status-publish","hentry"],"translation":{"provider":"WPGlobus","version":"3.0.1","language":"gb","enabled_languages":["cz","gb","de"],"languages":{"cz":{"title":true,"content":true,"excerpt":false},"gb":{"title":false,"content":false,"excerpt":false},"de":{"title":false,"content":false,"excerpt":false}}},"_links":{"self":[{"href":"https:\/\/www.atonsecurity.cz\/gb\/wp-json\/wp\/v2\/pages\/147","targetHints":{"allow":["GET"]}}],"collection":[{"href":"https:\/\/www.atonsecurity.cz\/gb\/wp-json\/wp\/v2\/pages"}],"about":[{"href":"https:\/\/www.atonsecurity.cz\/gb\/wp-json\/wp\/v2\/types\/page"}],"author":[{"embeddable":true,"href":"https:\/\/www.atonsecurity.cz\/gb\/wp-json\/wp\/v2\/users\/1"}],"replies":[{"embeddable":true,"href":"https:\/\/www.atonsecurity.cz\/gb\/wp-json\/wp\/v2\/comments?post=147"}],"version-history":[{"count":29,"href":"https:\/\/www.atonsecurity.cz\/gb\/wp-json\/wp\/v2\/pages\/147\/revisions"}],"predecessor-version":[{"id":187,"href":"https:\/\/www.atonsecurity.cz\/gb\/wp-json\/wp\/v2\/pages\/147\/revisions\/187"}],"wp:attachment":[{"href":"https:\/\/www.atonsecurity.cz\/gb\/wp-json\/wp\/v2\/media?parent=147"}],"curies":[{"name":"wp","href":"https:\/\/api.w.org\/{rel}","templated":true}]}}