{"id":15,"date":"2020-04-08T12:44:08","date_gmt":"2020-04-08T10:44:08","guid":{"rendered":"https:\/\/tvorbawebu.net\/server1\/?page_id=15"},"modified":"2026-01-26T15:20:01","modified_gmt":"2026-01-26T14:20:01","slug":"kontakty","status":"publish","type":"page","link":"https:\/\/www.atonsecurity.cz\/de\/kontakty\/","title":{"rendered":"Kontakte"},"content":{"rendered":"<p style=\"text-align: left;\"><div class=\"su-row\">\n<div class=\"su-column su-column-size-1-2\"><div class=\"su-column-inner su-u-clearfix su-u-trim\">\n<h3 style=\"text-align: left;\"><strong>Hlavn\u00ed Management a Spr\u00e1va pohled\u00e1vek, ostraha majetku a osob:<\/strong><\/h3>\n<p style=\"text-align: left;\">Jaroslav Klarner<br \/>\nmajitel a jednatel spole\u010dnosti<br \/>\nTel.:+ 420 774 418 037<br \/>\nE-mail: aton.security@seznam.cz<\/p>\n<p>Bc. Irina Spurn\u00e1<br \/>\noblastn\u00ed mana\u017eer<br \/>\nTel.:+ 420 774 418 036<br \/>\nE-mail: <a href=\"mailto:spurna.aton@seznam.cz\">spurna.aton@seznam.cz<\/a><\/p>\n<p>V\u00e1clav Kr\u00e1l<br \/>\noblastn\u00ed mana\u017eer<br \/>\nTel.:+ 420\u00a0736\u00a0485 304<br \/>\nE-mail: <a href=\"mailto:kral.aton@seznam.cz\">kral.aton@seznam.cz<\/a><\/p>\n<\/div><\/div>\n<div class=\"su-column su-column-size-1-2\"><div class=\"su-column-inner su-u-clearfix su-u-trim\"><strong>S\u00eddlo spole\u010dnosti:<\/strong><\/p>\n<p>Na str\u00e1\u017ei 1576\/35,<br \/>\nLibe\u0148, 190 00 Praha 9<br \/>\nE-mail: aton.security@seznam.cz<\/p>\n<hr \/>\n<p><strong>Divize str\u00e1\u017en\u00ed a detektivn\u00ed slu\u017eby, ostraha majetku a osob<\/strong><\/p>\n<p>Dispe\u010dink<br \/>\nTel.:+ 420 774 418\u00a0036<br \/>\n<\/div><\/div>\n<\/div>\n<hr \/>\n<p style=\"text-align: left;\"><div class=\"su-row\">\n<div class=\"su-column su-column-size-1-2\"><div class=\"su-column-inner su-u-clearfix su-u-trim\">\n<p style=\"text-align: left;\"><strong>ATON D.O.O. &#8211; dce\u0159in\u00e1 spole\u010dnost<\/strong><\/p>\n<p style=\"text-align: left;\">S\u00eddlo spole\u010dnosti<\/p>\n<p style=\"text-align: left;\">Slobode 3,<br \/>\nSplit 21000<br \/>\nOIB: 70567262578<\/p>\n<p style=\"text-align: left;\"><strong>Pobo\u010dka<\/strong><\/p>\n<p style=\"text-align: left;\">Gardijskej brig\u00e1d\u011b 49,<br \/>\nSplit 21000<br \/>\nOIB: 70567262578<\/p>\n<p style=\"text-align: left;\"><\/div><\/div>\n<div class=\"su-column su-column-size-1-2\"><div class=\"su-column-inner su-u-clearfix su-u-trim\">\n<p style=\"text-align: left;\"><strong>Management ATON D.O.O.<\/strong><\/p>\n<p style=\"text-align: left;\">Petar Colnar<br \/>\njednatel<br \/>\nTel.:+ 385 912 040 803<br \/>\nE-mail: petar.colnar1@gmail.com<\/p>\n<p style=\"text-align: left;\"><strong>Objedn\u00e1vky do zahrani\u010d\u00ed<\/strong><\/p>\n<p style=\"text-align: left;\">Dispe\u010dink<br \/>\nTel.:+ 420 773 279 135<\/p>\n<p style=\"text-align: left;\"><\/div><\/div>\n<\/div>\n<p><iframe loading=\"lazy\" style=\"border: 0;\" tabindex=\"0\" src=\"https:\/\/www.google.com\/maps\/embed?pb=!1m18!1m12!1m3!1d2558.288082720105!2d14.480510015896447!3d50.1183310191205!2m3!1f0!2f0!3f0!3m2!1i1024!2i768!4f13.1!3m3!1m2!1s0x470beca684b8f0c5%3A0xe68bde9c84f34431!2zTmEgU3Ryw6HFvmkgMTU3Ni8zNSwgMTkwIDAwIFByYWhhIDktTGliZcWI!5e0!3m2!1scs!2scz!4v1586350409018!5m2!1scs!2scz\" width=\"100%\" height=\"400\" frameborder=\"0\" allowfullscreen=\"allowfullscreen\" aria-hidden=\"false\" data-mce-fragment=\"1\"><\/iframe><\/p>\n","protected":false},"excerpt":{"rendered":"","protected":false},"author":1,"featured_media":0,"parent":0,"menu_order":0,"comment_status":"closed","ping_status":"closed","template":"","meta":{"footnotes":""},"class_list":["post-15","page","type-page","status-publish","hentry"],"translation":{"provider":"WPGlobus","version":"3.0.1","language":"de","enabled_languages":["cz","gb","de"],"languages":{"cz":{"title":true,"content":true,"excerpt":false},"gb":{"title":true,"content":true,"excerpt":false},"de":{"title":true,"content":true,"excerpt":false}}},"_links":{"self":[{"href":"https:\/\/www.atonsecurity.cz\/de\/wp-json\/wp\/v2\/pages\/15","targetHints":{"allow":["GET"]}}],"collection":[{"href":"https:\/\/www.atonsecurity.cz\/de\/wp-json\/wp\/v2\/pages"}],"about":[{"href":"https:\/\/www.atonsecurity.cz\/de\/wp-json\/wp\/v2\/types\/page"}],"author":[{"embeddable":true,"href":"https:\/\/www.atonsecurity.cz\/de\/wp-json\/wp\/v2\/users\/1"}],"replies":[{"embeddable":true,"href":"https:\/\/www.atonsecurity.cz\/de\/wp-json\/wp\/v2\/comments?post=15"}],"version-history":[{"count":57,"href":"https:\/\/www.atonsecurity.cz\/de\/wp-json\/wp\/v2\/pages\/15\/revisions"}],"predecessor-version":[{"id":269,"href":"https:\/\/www.atonsecurity.cz\/de\/wp-json\/wp\/v2\/pages\/15\/revisions\/269"}],"wp:attachment":[{"href":"https:\/\/www.atonsecurity.cz\/de\/wp-json\/wp\/v2\/media?parent=15"}],"curies":[{"name":"wp","href":"https:\/\/api.w.org\/{rel}","templated":true}]}}