{"id":13,"date":"2020-04-08T12:43:22","date_gmt":"2020-04-08T10:43:22","guid":{"rendered":"https:\/\/tvorbawebu.net\/server1\/?page_id=13"},"modified":"2020-04-15T19:52:13","modified_gmt":"2020-04-15T17:52:13","slug":"divize-detektivni-sluzby","status":"publish","type":"page","link":"https:\/\/www.atonsecurity.cz\/de\/divize-detektivni-sluzby\/","title":{"rendered":"Division Detektivdienste"},"content":{"rendered":"<h2>Physische Bewachung &#8211; Schutzdienste<\/h2>\n<ul>\n<li>Schutz und Bewachung von Personen, VIP-Personen (kurzfristig, mittelfristig, langfristig)<\/li>\n<li>Begleitung von Privatkunden mit Bargeld<\/li>\n<li>Schutz vor Paparazzi<\/li>\n<\/ul>\n<p>Physische Bewachung von Personen \u2013 Sicherstellung einer geeigneten Begleitung bei gesellschaftlichen, Gesch\u00e4fts- und \u201erisikoreichen\u201c Treffen und Verhandlungen des Kunden. Die Mitarbeiter sind professionell geschult, bekleidet und je nach den Anforderungen des Kunden ausger\u00fcstet, und zwar unter Ber\u00fccksichtigung der aktuellen operativen Situation, in der der Auftrag durchgef\u00fchrt wird, einschlie\u00dflich der Auswahl von Verkehrsmitteln und der materiell-technischen Versorgung.<\/p>\n<h2>Detektivdienste<\/h2>\n<ul>\n<li>Untersuchung und Ermittlung von Informationen und Beweisen in Bezug auf physische sowie nat\u00fcrliche Personen<\/li>\n<li>\u00dcberwachung von Personen und Gegenst\u00e4nden<\/li>\n<li>Dienstleistungen f\u00fcr Rechtsanwaltsb\u00fcros gem\u00e4\u00df \u00a7 89 Abs. 2 der Strafprozessordnung<\/li>\n<li>Zielgerichtete Suche nach vermissten Personen, Gegenstanden, Schuldnern<\/li>\n<li>Aufdeckung und Nachweisen von kleinen sowie umfangreichen Straftaten in Firmen, Supermarktlagern, etc.<\/li>\n<li>Ermittlung der Nichteinhaltung eines Behandlungsplans (seit 01.01.2009)<\/li>\n<\/ul>\n<h2>Spezielle Dienste<\/h2>\n<ul>\n<li>Schutz vor einer industriellen Spionage (allgemein technische Untersuchungen, Erkennung und Deaktivierung von linearen sowie nichtlinearen elektronischen Anlagen, Schutz gegen lineare sowie nichtlineare elektronische Anlagen)<\/li>\n<li>Entw\u00fcrfe von Sicherheitsprojekten, Audits und L\u00f6sungsm\u00f6glichkeiten bez\u00fcglich der Sicherheitsfragen f\u00fcr nat\u00fcrliche sowie juristische Personen<\/li>\n<li>Verfolgung von Personen und Gegenst\u00e4nden (Verfolgung, Contra-Verfolgung, Schutz gegen Verfolgung)<\/li>\n<li>Beratung bez\u00fcglich strafrechtlicher Angelegenheiten, Ermittlung und \u00dcberpr\u00fcfung von Informationen<\/li>\n<li>Sicherung von Gesch\u00e4ftsverhandlungen<\/li>\n<li>Verhandlungen, bzw. Kontakt zu Personen, mit denen sich der Kunde nicht treffen will<\/li>\n<li>Zustellung von risikoreichen Sendungen<\/li>\n<\/ul>\n<h2>Beitreibung von Forderungen<\/h2>\n<p>Vollst\u00e4ndige und kommerzielle Bearbeitung von Forderungen, Einzug, R\u00fccknahme von Forderungen, Verpf\u00e4ndungs- und Sicherungsleistungen, Zwangsvollstreckung, vollst\u00e4ndiger Rechtsservice, Aufrechnungen, Bonit\u00e4t, Verwaltung und L\u00f6sung von Verbindlichkeiten, Schutz der Interessen des Kunden.<\/p>\n","protected":false},"excerpt":{"rendered":"<p>Physische Bewachung &#8211; Schutzdienste Schutz und Bewachung von Personen, VIP-Personen (kurzfristig, mittelfristig, langfristig) Begleitung von Privatkunden mit Bargeld Schutz vor Paparazzi Physische Bewachung von Personen \u2013 Sicherstellung einer geeigneten Begleitung bei gesellschaftlichen, Gesch\u00e4fts- und \u201erisikoreichen\u201c Treffen und Verhandlungen des Kunden. Die Mitarbeiter sind professionell geschult, bekleidet und je nach den Anforderungen des Kunden ausger\u00fcstet, und zwar unter Ber\u00fccksichtigung der aktuellen operativen Situation, in der der Auftrag durchgef\u00fchrt wird, einschlie\u00dflich der Auswahl von Verkehrsmitteln und der materiell-technischen Versorgung. Detektivdienste Untersuchung und [&hellip;]<\/p>\n","protected":false},"author":1,"featured_media":0,"parent":0,"menu_order":0,"comment_status":"closed","ping_status":"closed","template":"","meta":{"footnotes":""},"class_list":["post-13","page","type-page","status-publish","hentry"],"translation":{"provider":"WPGlobus","version":"3.0.1","language":"de","enabled_languages":["cz","gb","de"],"languages":{"cz":{"title":true,"content":true,"excerpt":false},"gb":{"title":true,"content":true,"excerpt":false},"de":{"title":true,"content":true,"excerpt":false}}},"_links":{"self":[{"href":"https:\/\/www.atonsecurity.cz\/de\/wp-json\/wp\/v2\/pages\/13","targetHints":{"allow":["GET"]}}],"collection":[{"href":"https:\/\/www.atonsecurity.cz\/de\/wp-json\/wp\/v2\/pages"}],"about":[{"href":"https:\/\/www.atonsecurity.cz\/de\/wp-json\/wp\/v2\/types\/page"}],"author":[{"embeddable":true,"href":"https:\/\/www.atonsecurity.cz\/de\/wp-json\/wp\/v2\/users\/1"}],"replies":[{"embeddable":true,"href":"https:\/\/www.atonsecurity.cz\/de\/wp-json\/wp\/v2\/comments?post=13"}],"version-history":[{"count":9,"href":"https:\/\/www.atonsecurity.cz\/de\/wp-json\/wp\/v2\/pages\/13\/revisions"}],"predecessor-version":[{"id":63,"href":"https:\/\/www.atonsecurity.cz\/de\/wp-json\/wp\/v2\/pages\/13\/revisions\/63"}],"wp:attachment":[{"href":"https:\/\/www.atonsecurity.cz\/de\/wp-json\/wp\/v2\/media?parent=13"}],"curies":[{"name":"wp","href":"https:\/\/api.w.org\/{rel}","templated":true}]}}